{"id":9,"date":"2020-07-16T13:55:03","date_gmt":"2020-07-16T13:55:03","guid":{"rendered":"https:\/\/stockholm76.qodeinteractive.com\/?page_id=9"},"modified":"2020-12-15T19:05:09","modified_gmt":"2020-12-15T18:05:09","slug":"about-us","status":"publish","type":"page","link":"https:\/\/heikeschulzetenberge.de\/?page_id=9","title":{"rendered":"Mein Weg"},"content":{"rendered":"\t\t<div data-elementor-type=\"wp-page\" data-elementor-id=\"9\" class=\"elementor elementor-9\">\n\t\t\t\t\t\t<div class=\"elementor-inner\">\n\t\t\t\t<div class=\"elementor-section-wrap\">\n\t\t\t\t\t\t\t\t\t<section class=\"elementor-section elementor-top-section elementor-element elementor-element-aeacad7 elementor-section-full_width elementor-section-height-default elementor-section-height-default parallax_section_no qode_elementor_container_no qode-content-aligment-left\" data-id=\"aeacad7\" data-element_type=\"section\">\n\t\t\t\t\t\t<div class=\"elementor-container elementor-column-gap-no\">\n\t\t\t\t\t\t\t<div class=\"elementor-row\">\n\t\t\t\t\t<div class=\"elementor-column elementor-col-100 elementor-top-column elementor-element elementor-element-91fd014\" data-id=\"91fd014\" data-element_type=\"column\">\n\t\t\t<div class=\"elementor-column-wrap elementor-element-populated\">\n\t\t\t\t\t\t\t<div class=\"elementor-widget-wrap\">\n\t\t\t\t\t\t<div class=\"elementor-element elementor-element-d1de6b5 elementor-widget elementor-widget-image\" data-id=\"d1de6b5\" data-element_type=\"widget\" data-widget_type=\"image.default\">\n\t\t\t\t<div class=\"elementor-widget-container\">\n\t\t\t\t\t\t\t\t<div class=\"elementor-image\">\n\t\t\t\t\t\t\t\t\t\t\t\t<img loading=\"lazy\" decoding=\"async\" width=\"2560\" height=\"1018\" src=\"https:\/\/heikeschulzetenberge.de\/wp-content\/uploads\/2020\/12\/MF4_9498-scaled.jpg\" class=\"attachment-full size-full\" alt=\"\" srcset=\"https:\/\/heikeschulzetenberge.de\/wp-content\/uploads\/2020\/12\/MF4_9498-scaled.jpg 2560w, https:\/\/heikeschulzetenberge.de\/wp-content\/uploads\/2020\/12\/MF4_9498-300x119.jpg 300w, https:\/\/heikeschulzetenberge.de\/wp-content\/uploads\/2020\/12\/MF4_9498-1024x407.jpg 1024w, https:\/\/heikeschulzetenberge.de\/wp-content\/uploads\/2020\/12\/MF4_9498-768x305.jpg 768w, https:\/\/heikeschulzetenberge.de\/wp-content\/uploads\/2020\/12\/MF4_9498-1536x611.jpg 1536w, https:\/\/heikeschulzetenberge.de\/wp-content\/uploads\/2020\/12\/MF4_9498-2048x814.jpg 2048w, https:\/\/heikeschulzetenberge.de\/wp-content\/uploads\/2020\/12\/MF4_9498-700x278.jpg 700w, https:\/\/heikeschulzetenberge.de\/wp-content\/uploads\/2020\/12\/MF4_9498-1100x437.jpg 1100w\" sizes=\"auto, (max-width: 2560px) 100vw, 2560px\" \/>\t\t\t\t\t\t\t\t\t\t\t\t\t\t<\/div>\n\t\t\t\t\t\t<\/div>\n\t\t\t\t<\/div>\n\t\t\t\t\t\t<\/div>\n\t\t\t\t\t<\/div>\n\t\t<\/div>\n\t\t\t\t\t\t\t\t<\/div>\n\t\t\t\t\t<\/div>\n\t\t<\/section>\n\t\t\t\t<section class=\"elementor-section elementor-top-section elementor-element elementor-element-819df60 elementor-section-boxed elementor-section-height-default elementor-section-height-default parallax_section_no qode_elementor_container_no qode-content-aligment-left\" data-id=\"819df60\" data-element_type=\"section\">\n\t\t\t\t\t\t<div class=\"elementor-container elementor-column-gap-default\">\n\t\t\t\t\t\t\t<div class=\"elementor-row\">\n\t\t\t\t\t<div class=\"elementor-column elementor-col-100 elementor-top-column elementor-element elementor-element-3e8d6e7\" data-id=\"3e8d6e7\" data-element_type=\"column\">\n\t\t\t<div class=\"elementor-column-wrap elementor-element-populated\">\n\t\t\t\t\t\t\t<div class=\"elementor-widget-wrap\">\n\t\t\t\t\t\t<div class=\"elementor-element elementor-element-24f00b3 elementor-widget elementor-widget-text-editor\" data-id=\"24f00b3\" data-element_type=\"widget\" data-widget_type=\"text-editor.default\">\n\t\t\t\t<div class=\"elementor-widget-container\">\n\t\t\t\t\t\t\t\t<div class=\"elementor-text-editor elementor-clearfix\">\n\t\t\t\t<h2 style=\"text-align: center;\">Mein Weg<\/h2>\t\t\t\t\t<\/div>\n\t\t\t\t\t\t<\/div>\n\t\t\t\t<\/div>\n\t\t\t\t\t\t<\/div>\n\t\t\t\t\t<\/div>\n\t\t<\/div>\n\t\t\t\t\t\t\t\t<\/div>\n\t\t\t\t\t<\/div>\n\t\t<\/section>\n\t\t\t\t<section class=\"elementor-section elementor-top-section elementor-element elementor-element-cbf098b elementor-section-boxed elementor-section-height-default elementor-section-height-default parallax_section_no qode_elementor_container_no qode-content-aligment-left\" data-id=\"cbf098b\" data-element_type=\"section\">\n\t\t\t\t\t\t<div class=\"elementor-container elementor-column-gap-no\">\n\t\t\t\t\t\t\t<div class=\"elementor-row\">\n\t\t\t\t\t<div class=\"elementor-column elementor-col-100 elementor-top-column elementor-element elementor-element-e1389d2\" data-id=\"e1389d2\" data-element_type=\"column\">\n\t\t\t<div class=\"elementor-column-wrap elementor-element-populated\">\n\t\t\t\t\t\t\t<div class=\"elementor-widget-wrap\">\n\t\t\t\t\t\t<div class=\"elementor-element elementor-element-27d4f4f elementor-widget elementor-widget-text-editor\" data-id=\"27d4f4f\" data-element_type=\"widget\" data-widget_type=\"text-editor.default\">\n\t\t\t\t<div class=\"elementor-widget-container\">\n\t\t\t\t\t\t\t\t<div class=\"elementor-text-editor elementor-clearfix\">\n\t\t\t\t<p>Aufgewachsen auf dem Land, umgeben von vielen Pflanzen und Tieren und viel Platz, haben sich meine Verbundenheit zur Natur und den Lebewesen sowie die Liebe zur Bewegung schon fr\u00fch gezeigt. Mit und in der Natur f\u00fchlte und f\u00fchle ich mich ganz.<\/p><p>\u00a0<\/p><p>Hochsensitiv und hochmedial \u2013 diese Erkenntnis habe ich heute \u2013 war und bin ich von klein auf. Doch durch Einfl\u00fcsse von au\u00dfen, durch verschiedene Reaktionen und durch mein Bed\u00fcrfnis, irgendwie \u201edazuzugeh\u00f6ren\u201c, machte ich fr\u00fch meine Hellsinne, die mich seit jeher begleiten, einfach \u201ezu\u201c.<\/p><p>\u00a0<\/p><p>Durch den immer wieder auftretenden Verlust von mir sehr nahestehenden Menschen \u2013 oder anders ausgedr\u00fcckt: durch den Tod \u2013 stellte ich fest, dass in meiner Wahrnehmung und in meiner Wahrheit der Umgang mit Tod und Krankheit ein anderer ist. Doch zu diesem Zeitpunkt \u00f6ffnete ich mich nur sehr wenigen Menschen, sp\u00fcrte aber starke Geborgenheit und Liebe, die einfach da war.<\/p><p>\u00a0<\/p><p>Mit meiner Ausbildung zur Physiotherapeutin und meiner Arbeit in diesem vielf\u00e4ltigen Beruf wurden mir in all meinen Arbeitsbereichen \u2013 in der Neurologie, der Orthop\u00e4die und auch in der Sportphysiotherapie sowie im Leistungssport \u2013 Hinweise gegeben, dass bei mir \u201eanders\u201c behandelt wird als bei Kolleginnen und Kollegen. Bereits in den ersten Jahren als Physiotherapeutin sp\u00fcrte ich, dass ich direkt Energie weitergebe. Meine H\u00e4nde wussten einfach, wo sie hin mussten und ich ahnte, dass ich eine Gabe besitze, die ich lernen darf zu nutzen.<\/p><p>\u00a0<\/p><p>Letztendlich wurden diese energetische Leidenschaft und das Wissen um die Energien fester Bestandteil meines Lebens. Die Geburten meiner wundervollen T\u00f6chter und die Schwangerschaften gleicherma\u00dfen waren einige von vielen Ausl\u00f6sern, durch die mein Interesse und meine Gabe endg\u00fcltig nicht mehr zu leugnen waren.<\/p><p>\u00a0<\/p><p>Bei verschiedenen Heilern, spirituellen Lehrern und Coaches lernte ich mehr und mehr, meine Gaben zu erkennen. Dabei begegnete ich vielen hellen und dunklen Abschnitten meiner Selbst. Nicht selten war es tief und fest vergraben.<\/p><p>\u00a0<\/p><p>Mich ganz zu erkennen, hat einen intensiven, durchaus schmerzvollen und dennoch freudigen, kraftgebenden Weg mit sich gebracht. Der jahrelange Wunsch, dass es \u201eetwas\u201c gibt, was uns begleitet, ist in ein Wissen umgewandelt worden. Und so sind die sichtbaren und nicht sichtbaren Energien f\u00fcr mich immer da.<\/p><p>\u00a0<\/p><p>Seit bereits mehr als 10 Jahren lebe ich bewusst mit meinen Hellsinnen. Dass ich mit ihnen auch beruflich arbeiten darf und kann, erf\u00fcllt mich mit unglaublicher Freude und Dankbarkeit. Die Menschen auf diesem Weg so zu ber\u00fchren und zu erreichen, erfreut mich in jeder einzelnen Sitzung.<\/p><p>Dass es mir als Medium, Heilerin und Physiotherapeutin m\u00f6glich ist, Wege aufzuzeigen, damit auch du deine ganz individuellen Antworten auf deine Fragen bekommst, l\u00e4sst meine Leidenschaft f\u00fcr die Energien strahlen.<\/p><p>\u00a0<\/p><p>Auf deinem Weg zu dir, zu deinen Antworten, deiner Selbstliebe, Selbstakzeptanz sowie Medialit\u00e4t und Sensitivit\u00e4t werde ich dich gerne unterst\u00fctzen und begleiten.<\/p><p>\u00a0<\/p><p>Der intensive Austausch, die Ausbildungen, Trainings und Fortbildungen geh\u00f6ren f\u00fcr mich ebenso dazu wie der regelm\u00e4\u00dfige Austausch mit Kollegen und Mentoren. Um mich in meiner vollen Kraft mir und meinen Klienten widmen zu k\u00f6nnen, geh\u00f6ren Meditation, Sport und Natur jeden Tag zu meinem Leben. Sie sind und bleiben meine Leidenschaft.<\/p>\t\t\t\t\t<\/div>\n\t\t\t\t\t\t<\/div>\n\t\t\t\t<\/div>\n\t\t\t\t\t\t<\/div>\n\t\t\t\t\t<\/div>\n\t\t<\/div>\n\t\t\t\t\t\t\t\t<\/div>\n\t\t\t\t\t<\/div>\n\t\t<\/section>\n\t\t\t\t\t\t\t\t\t<\/div>\n\t\t\t<\/div>\n\t\t\t\t\t<\/div>\n\t\t","protected":false},"excerpt":{"rendered":"<p>Mein Weg Aufgewachsen auf dem Land, umgeben von vielen Pflanzen und Tieren und viel Platz, haben sich meine Verbundenheit zur Natur und den Lebewesen sowie die Liebe zur Bewegung schon fr\u00fch gezeigt. Mit und in der Natur f\u00fchlte und f\u00fchle ich mich ganz. \u00a0 Hochsensitiv&#8230;<\/p>\n","protected":false},"author":1,"featured_media":0,"parent":0,"menu_order":0,"comment_status":"closed","ping_status":"closed","template":"full_width.php","meta":{"footnotes":""},"class_list":["post-9","page","type-page","status-publish","hentry"],"_links":{"self":[{"href":"https:\/\/heikeschulzetenberge.de\/index.php?rest_route=\/wp\/v2\/pages\/9","targetHints":{"allow":["GET"]}}],"collection":[{"href":"https:\/\/heikeschulzetenberge.de\/index.php?rest_route=\/wp\/v2\/pages"}],"about":[{"href":"https:\/\/heikeschulzetenberge.de\/index.php?rest_route=\/wp\/v2\/types\/page"}],"author":[{"embeddable":true,"href":"https:\/\/heikeschulzetenberge.de\/index.php?rest_route=\/wp\/v2\/users\/1"}],"replies":[{"embeddable":true,"href":"https:\/\/heikeschulzetenberge.de\/index.php?rest_route=%2Fwp%2Fv2%2Fcomments&post=9"}],"version-history":[{"count":52,"href":"https:\/\/heikeschulzetenberge.de\/index.php?rest_route=\/wp\/v2\/pages\/9\/revisions"}],"predecessor-version":[{"id":708,"href":"https:\/\/heikeschulzetenberge.de\/index.php?rest_route=\/wp\/v2\/pages\/9\/revisions\/708"}],"wp:attachment":[{"href":"https:\/\/heikeschulzetenberge.de\/index.php?rest_route=%2Fwp%2Fv2%2Fmedia&parent=9"}],"curies":[{"name":"wp","href":"https:\/\/api.w.org\/{rel}","templated":true}]}}